{"id":317,"date":"2026-02-19T16:17:51","date_gmt":"2026-02-19T19:17:51","guid":{"rendered":"https:\/\/goldengrain.com.br\/?page_id=317"},"modified":"2026-03-30T19:08:10","modified_gmt":"2026-03-30T22:08:10","slug":"contato","status":"publish","type":"page","link":"https:\/\/goldengrain.com.br\/en\/contato\/","title":{"rendered":"Contact Us"},"content":{"rendered":"<div data-elementor-type=\"wp-page\" data-elementor-id=\"317\" class=\"elementor elementor-317\" data-elementor-post-type=\"page\">\n\t\t\t\t<div class=\"elementor-element elementor-element-4a1dc24 e-flex e-con-boxed e-con e-parent\" data-id=\"4a1dc24\" data-element_type=\"container\" data-settings=\"{&quot;background_background&quot;:&quot;classic&quot;}\">\n\t\t\t\t\t<div class=\"e-con-inner\">\n\t\t<div class=\"elementor-element elementor-element-14478de e-flex e-con-boxed e-con e-child\" data-id=\"14478de\" data-element_type=\"container\">\n\t\t\t\t\t<div class=\"e-con-inner\">\n\t\t\t\t<div class=\"elementor-element elementor-element-a87c7bb elementor-icon-list--layout-inline elementor-align-center elementor-list-item-link-full_width elementor-widget elementor-widget-icon-list\" data-id=\"a87c7bb\" data-element_type=\"widget\" data-widget_type=\"icon-list.default\">\n\t\t\t\t\t\t\t<ul class=\"elementor-icon-list-items elementor-inline-items\">\n\t\t\t\t\t\t\t<li class=\"elementor-icon-list-item elementor-inline-item\">\n\t\t\t\t\t\t\t\t\t\t\t<a href=\"#\">\n\n\t\t\t\t\t\t\t\t\t\t\t<span class=\"elementor-icon-list-text\">Home<\/span>\n\t\t\t\t\t\t\t\t\t\t\t<\/a>\n\t\t\t\t\t\t\t\t\t<\/li>\n\t\t\t\t\t\t\t\t<li class=\"elementor-icon-list-item elementor-inline-item\">\n\t\t\t\t\t\t\t\t\t\t\t<a href=\"#\">\n\n\t\t\t\t\t\t\t\t\t\t\t<span class=\"elementor-icon-list-text\">Contact Us<\/span>\n\t\t\t\t\t\t\t\t\t\t\t<\/a>\n\t\t\t\t\t\t\t\t\t<\/li>\n\t\t\t\t\t\t<\/ul>\n\t\t\t\t\t\t<\/div>\n\t\t\t\t<div class=\"elementor-element elementor-element-110204f elementor-widget elementor-widget-heading\" data-id=\"110204f\" data-element_type=\"widget\" data-widget_type=\"heading.default\">\n\t\t\t\t\t<h1 class=\"elementor-heading-title elementor-size-default\">Contact Us<\/h1>\t\t\t\t<\/div>\n\t\t\t\t\t<\/div>\n\t\t\t\t<\/div>\n\t\t\t\t\t<\/div>\n\t\t\t\t<\/div>\n\t\t<div class=\"elementor-element elementor-element-32073918 e-flex e-con-boxed e-con e-parent\" data-id=\"32073918\" data-element_type=\"container\">\n\t\t\t\t\t<div class=\"e-con-inner\">\n\t\t<div class=\"elementor-element elementor-element-21e3b694 e-flex e-con-boxed e-con e-child\" data-id=\"21e3b694\" data-element_type=\"container\">\n\t\t\t\t\t<div class=\"e-con-inner\">\n\t\t\t\t<div class=\"elementor-element elementor-element-66943759 elementor-widget elementor-widget-google_maps\" data-id=\"66943759\" data-element_type=\"widget\" data-widget_type=\"google_maps.default\">\n\t\t\t\t\t\t\t<div class=\"elementor-custom-embed\">\n\t\t\t<iframe loading=\"lazy\"\n\t\t\t\t\tsrc=\"https:\/\/maps.google.com\/maps?q=Rua%20Augusta%2C%202516%2C%20S%C3%A3o%20Paulo&#038;t=m&#038;z=15&#038;output=embed&#038;iwloc=near\"\n\t\t\t\t\ttitle=\"Rua Augusta, 2516, S\u00e3o Paulo\"\n\t\t\t\t\taria-label=\"Rua Augusta, 2516, S\u00e3o Paulo\"\n\t\t\t><\/iframe>\n\t\t<\/div>\n\t\t\t\t\t\t<\/div>\n\t\t\t\t\t<\/div>\n\t\t\t\t<\/div>\n\t\t<div class=\"elementor-element elementor-element-48f5edf e-flex e-con-boxed e-con e-child\" data-id=\"48f5edf\" data-element_type=\"container\">\n\t\t\t\t\t<div class=\"e-con-inner\">\n\t\t<div class=\"elementor-element elementor-element-4092a6a2 e-con-full e-flex e-con e-child\" data-id=\"4092a6a2\" data-element_type=\"container\">\n\t\t<div class=\"elementor-element elementor-element-3bcbc7a3 e-con-full e-flex e-con e-child\" data-id=\"3bcbc7a3\" data-element_type=\"container\">\n\t\t\t\t<div class=\"elementor-element elementor-element-64c905c6 elementor-position-left elementor-vertical-align-middle elementor-widget elementor-widget-image-box\" data-id=\"64c905c6\" data-element_type=\"widget\" data-widget_type=\"image-box.default\">\n\t\t\t\t\t<div class=\"elementor-image-box-wrapper\"><figure class=\"elementor-image-box-img\"><img decoding=\"async\" width=\"30\" height=\"30\" src=\"http:\/\/goldengrain.com.br\/wp-content\/uploads\/2026\/02\/01-13.png\" class=\"elementor-animation-grow attachment-full size-full wp-image-319\" alt=\"\" srcset=\"https:\/\/goldengrain.com.br\/wp-content\/uploads\/2026\/02\/01-13.png 30w, https:\/\/goldengrain.com.br\/wp-content\/uploads\/2026\/02\/01-13-12x12.png 12w\" sizes=\"(max-width: 30px) 100vw, 30px\" \/><\/figure><div class=\"elementor-image-box-content\"><h4 class=\"elementor-image-box-title\">Phone<\/h4><p class=\"elementor-image-box-description\">(11) 2400-4453<\/p><\/div><\/div>\t\t\t\t<\/div>\n\t\t\t\t<\/div>\n\t\t<div class=\"elementor-element elementor-element-44c69ae6 e-con-full e-flex e-con e-child\" data-id=\"44c69ae6\" data-element_type=\"container\">\n\t\t\t\t<div class=\"elementor-element elementor-element-19b2e3a9 elementor-position-left elementor-vertical-align-middle elementor-widget elementor-widget-image-box\" data-id=\"19b2e3a9\" data-element_type=\"widget\" data-widget_type=\"image-box.default\">\n\t\t\t\t\t<div class=\"elementor-image-box-wrapper\"><figure class=\"elementor-image-box-img\"><img decoding=\"async\" width=\"32\" height=\"32\" src=\"http:\/\/goldengrain.com.br\/wp-content\/uploads\/2026\/02\/02-11.png\" class=\"elementor-animation-grow attachment-full size-full wp-image-320\" alt=\"\" srcset=\"https:\/\/goldengrain.com.br\/wp-content\/uploads\/2026\/02\/02-11.png 32w, https:\/\/goldengrain.com.br\/wp-content\/uploads\/2026\/02\/02-11-12x12.png 12w\" sizes=\"(max-width: 32px) 100vw, 32px\" \/><\/figure><div class=\"elementor-image-box-content\"><h4 class=\"elementor-image-box-title\">E-mail<\/h4><p class=\"elementor-image-box-description\">info@goldengrain.com.br<\/p><\/div><\/div>\t\t\t\t<\/div>\n\t\t\t\t<\/div>\n\t\t\t\t<\/div>\n\t\t<div class=\"elementor-element elementor-element-5b3b984f e-con-full e-flex e-con e-child\" data-id=\"5b3b984f\" data-element_type=\"container\">\n\t\t<div class=\"elementor-element elementor-element-72337e67 e-con-full e-flex e-con e-child\" data-id=\"72337e67\" data-element_type=\"container\">\n\t\t\t\t<div class=\"elementor-element elementor-element-fe724a7 elementor-position-left elementor-vertical-align-middle elementor-widget elementor-widget-image-box\" data-id=\"fe724a7\" data-element_type=\"widget\" data-widget_type=\"image-box.default\">\n\t\t\t\t\t<div class=\"elementor-image-box-wrapper\"><figure class=\"elementor-image-box-img\"><img decoding=\"async\" width=\"24\" height=\"32\" src=\"http:\/\/goldengrain.com.br\/wp-content\/uploads\/2026\/02\/03-10.png\" class=\"elementor-animation-grow attachment-full size-full wp-image-321\" alt=\"\" srcset=\"https:\/\/goldengrain.com.br\/wp-content\/uploads\/2026\/02\/03-10.png 24w, https:\/\/goldengrain.com.br\/wp-content\/uploads\/2026\/02\/03-10-9x12.png 9w\" sizes=\"(max-width: 24px) 100vw, 24px\" \/><\/figure><div class=\"elementor-image-box-content\"><h4 class=\"elementor-image-box-title\">Head Office<\/h4><p class=\"elementor-image-box-description\">Rua Augusta, 2516, Cj 81\n<br>\nS\u00e3o Paulo - SP<br>CEP 01412-100<\/p><\/div><\/div>\t\t\t\t<\/div>\n\t\t\t\t<\/div>\n\t\t<div class=\"elementor-element elementor-element-bab9610 e-con-full e-flex e-con e-child\" data-id=\"bab9610\" data-element_type=\"container\">\n\t\t\t\t<div class=\"elementor-element elementor-element-58fb8c1 elementor-position-left elementor-vertical-align-middle elementor-widget elementor-widget-image-box\" data-id=\"58fb8c1\" data-element_type=\"widget\" data-widget_type=\"image-box.default\">\n\t\t\t\t\t<div class=\"elementor-image-box-wrapper\"><figure class=\"elementor-image-box-img\"><img loading=\"lazy\" decoding=\"async\" width=\"521\" height=\"630\" src=\"http:\/\/goldengrain.com.br\/wp-content\/uploads\/2026\/02\/clock.webp\" class=\"elementor-animation-grow attachment-full size-full wp-image-423\" alt=\"\" srcset=\"https:\/\/goldengrain.com.br\/wp-content\/uploads\/2026\/02\/clock.webp 521w, https:\/\/goldengrain.com.br\/wp-content\/uploads\/2026\/02\/clock-248x300.webp 248w, https:\/\/goldengrain.com.br\/wp-content\/uploads\/2026\/02\/clock-10x12.webp 10w\" sizes=\"(max-width: 521px) 100vw, 521px\" \/><\/figure><div class=\"elementor-image-box-content\"><h4 class=\"elementor-image-box-title\">Business Hours<\/h4><p class=\"elementor-image-box-description\">Mon-Fri\n<br>\n09h00 \u2013 18h00 (BRT)<\/p><\/div><\/div>\t\t\t\t<\/div>\n\t\t\t\t<\/div>\n\t\t\t\t<\/div>\n\t\t\t\t\t<\/div>\n\t\t\t\t<\/div>\n\t\t\t\t\t<\/div>\n\t\t\t\t<\/div>\n\t\t<div class=\"elementor-element elementor-element-55d65f5 e-flex e-con-boxed e-con e-parent\" data-id=\"55d65f5\" data-element_type=\"container\" data-settings=\"{&quot;background_background&quot;:&quot;classic&quot;}\">\n\t\t\t\t\t<div class=\"e-con-inner\">\n\t\t<div class=\"elementor-element elementor-element-b44c3b8 e-con-full e-flex e-con e-child\" data-id=\"b44c3b8\" data-element_type=\"container\" data-settings=\"{&quot;background_background&quot;:&quot;classic&quot;}\">\n\t\t<div class=\"elementor-element elementor-element-aa07df1 e-con-full e-flex e-con e-child\" data-id=\"aa07df1\" data-element_type=\"container\">\n\t\t\t\t<div class=\"elementor-element elementor-element-e42a15a elementor-widget elementor-widget-heading\" data-id=\"e42a15a\" data-element_type=\"widget\" data-widget_type=\"heading.default\">\n\t\t\t\t\t<h2 class=\"elementor-heading-title elementor-size-default\">Please leave your message<\/h2>\t\t\t\t<\/div>\n\t\t\t\t<div class=\"elementor-element elementor-element-d864128 elementor-widget elementor-widget-heading\" data-id=\"d864128\" data-element_type=\"widget\" data-widget_type=\"heading.default\">\n\t\t\t\t\t<h3 class=\"elementor-heading-title elementor-size-default\">For commercial cooperation <br>Structured Supply<br>Logistics Coordination <br>&amp;<br>Global Trading<\/h3>\t\t\t\t<\/div>\n\t\t\t\t<\/div>\n\t\t<div class=\"elementor-element elementor-element-b1eccfa e-con-full e-flex e-con e-child\" data-id=\"b1eccfa\" data-element_type=\"container\">\n\t\t\t\t<div class=\"elementor-element elementor-element-d9f422b elementor-button-align-stretch elementor-widget elementor-widget-form\" data-id=\"d9f422b\" data-element_type=\"widget\" data-settings=\"{&quot;step_next_label&quot;:&quot;Next&quot;,&quot;step_previous_label&quot;:&quot;Previous&quot;,&quot;button_width&quot;:&quot;100&quot;,&quot;step_type&quot;:&quot;number_text&quot;,&quot;step_icon_shape&quot;:&quot;circle&quot;}\" data-widget_type=\"form.default\">\n\t\t\t\t\t\t\t<form class=\"elementor-form\" method=\"post\" name=\"New Form\" aria-label=\"New Form\" action=\"\">\n\t\t\t<input type=\"hidden\" name=\"post_id\" value=\"317\"\/>\n\t\t\t<input type=\"hidden\" name=\"form_id\" value=\"d9f422b\"\/>\n\t\t\t<input type=\"hidden\" name=\"referer_title\" value=\"Contato\" \/>\n\n\t\t\t\t\t\t\t<input type=\"hidden\" name=\"queried_id\" value=\"317\"\/>\n\t\t\t\n\t\t\t<div class=\"elementor-form-fields-wrapper elementor-labels-\">\n\t\t\t\t\t\t\t\t<div class=\"elementor-field-type-text elementor-field-group elementor-column elementor-field-group-name elementor-col-100\">\n\t\t\t\t\t\t\t\t\t\t\t\t<label for=\"form-field-name\" class=\"elementor-field-label elementor-screen-only\">\n\t\t\t\t\t\t\t\tNome\t\t\t\t\t\t\t<\/label>\n\t\t\t\t\t\t\t\t\t\t\t\t\t\t<input size=\"1\" type=\"text\" name=\"form_fields[name]\" id=\"form-field-name\" class=\"elementor-field elementor-size-sm  elementor-field-textual\" placeholder=\"Full name\">\n\t\t\t\t\t\t\t\t\t\t\t<\/div>\n\t\t\t\t\t\t\t\t<div class=\"elementor-field-type-text elementor-field-group elementor-column elementor-field-group-field_8e902ef elementor-col-100\">\n\t\t\t\t\t\t\t\t\t\t\t\t<label for=\"form-field-field_8e902ef\" class=\"elementor-field-label elementor-screen-only\">\n\t\t\t\t\t\t\t\tCompany\t\t\t\t\t\t\t<\/label>\n\t\t\t\t\t\t\t\t\t\t\t\t\t\t<input size=\"1\" type=\"text\" name=\"form_fields[field_8e902ef]\" id=\"form-field-field_8e902ef\" class=\"elementor-field elementor-size-sm  elementor-field-textual\" placeholder=\"Company\">\n\t\t\t\t\t\t\t\t\t\t\t<\/div>\n\t\t\t\t\t\t\t\t<div class=\"elementor-field-type-text elementor-field-group elementor-column elementor-field-group-field_f85faf9 elementor-col-100\">\n\t\t\t\t\t\t\t\t\t\t\t\t<label for=\"form-field-field_f85faf9\" class=\"elementor-field-label elementor-screen-only\">\n\t\t\t\t\t\t\t\tCountry\t\t\t\t\t\t\t<\/label>\n\t\t\t\t\t\t\t\t\t\t\t\t\t\t<input size=\"1\" type=\"text\" name=\"form_fields[field_f85faf9]\" id=\"form-field-field_f85faf9\" class=\"elementor-field elementor-size-sm  elementor-field-textual\" placeholder=\"Country\">\n\t\t\t\t\t\t\t\t\t\t\t<\/div>\n\t\t\t\t\t\t\t\t<div class=\"elementor-field-type-text elementor-field-group elementor-column elementor-field-group-email elementor-col-50 elementor-field-required\">\n\t\t\t\t\t\t\t\t\t\t\t\t<label for=\"form-field-email\" class=\"elementor-field-label elementor-screen-only\">\n\t\t\t\t\t\t\t\tPhone\t\t\t\t\t\t\t<\/label>\n\t\t\t\t\t\t\t\t\t\t\t\t\t\t<input size=\"1\" type=\"text\" name=\"form_fields[email]\" id=\"form-field-email\" class=\"elementor-field elementor-size-sm  elementor-field-textual\" placeholder=\"Phone \/ Whatsapp\" required=\"required\">\n\t\t\t\t\t\t\t\t\t\t\t<\/div>\n\t\t\t\t\t\t\t\t<div class=\"elementor-field-type-email elementor-field-group elementor-column elementor-field-group-field_be14818 elementor-col-50 elementor-field-required\">\n\t\t\t\t\t\t\t\t\t\t\t\t<label for=\"form-field-field_be14818\" class=\"elementor-field-label elementor-screen-only\">\n\t\t\t\t\t\t\t\tE-mail\t\t\t\t\t\t\t<\/label>\n\t\t\t\t\t\t\t\t\t\t\t\t\t\t<input size=\"1\" type=\"email\" name=\"form_fields[field_be14818]\" id=\"form-field-field_be14818\" class=\"elementor-field elementor-size-sm  elementor-field-textual\" placeholder=\"E-mail\" required=\"required\">\n\t\t\t\t\t\t\t\t\t\t\t<\/div>\n\t\t\t\t\t\t\t\t<div class=\"elementor-field-type-textarea elementor-field-group elementor-column elementor-field-group-message elementor-col-100\">\n\t\t\t\t\t\t\t\t\t\t\t\t<label for=\"form-field-message\" class=\"elementor-field-label elementor-screen-only\">\n\t\t\t\t\t\t\t\tMessage\t\t\t\t\t\t\t<\/label>\n\t\t\t\t\t\t<textarea class=\"elementor-field-textual elementor-field  elementor-size-sm\" name=\"form_fields[message]\" id=\"form-field-message\" rows=\"4\" placeholder=\"Message\"><\/textarea>\t\t\t\t<\/div>\n\t\t\t\t\t\t\t\t<div class=\"elementor-field-group elementor-column elementor-field-type-submit elementor-col-100 e-form__buttons\">\n\t\t\t\t\t<button class=\"elementor-button elementor-size-sm\" type=\"submit\">\n\t\t\t\t\t\t<span class=\"elementor-button-content-wrapper\">\n\t\t\t\t\t\t\t\t\t\t\t\t\t\t\t\t\t\t\t\t\t\t<span class=\"elementor-button-text\">Send<\/span>\n\t\t\t\t\t\t\t\t\t\t\t\t\t<\/span>\n\t\t\t\t\t<\/button>\n\t\t\t\t<\/div>\n\t\t\t<\/div>\n\t\t<input type=\"hidden\" name=\"trp-form-language\" value=\"en\"\/><\/form>\n\t\t\t\t\t\t<\/div>\n\t\t\t\t<\/div>\n\t\t\t\t<\/div>\n\t\t\t\t\t<\/div>\n\t\t\t\t<\/div>\n\t\t\t\t<\/div>","protected":false},"excerpt":{"rendered":"<p>Home Contato CONTATE-NOS Telefone (11) 2400-4453 E-mail info@goldengrain.com.br Escrit\u00f3rio Central Rua Augusta, 2516, Cj 81 S\u00e3o Paulo &#8211; SPCEP 01412-100 Hor\u00e1rio de funcionamento Seg\u2013Sex 09h00 \u2013 18h00 (BRT) Deixe uma mensagem Para coopera\u00e7\u00e3o comercial fornecimento estruturadocoordena\u00e7\u00e3o log\u00edstica &amp;Trading Internacional<\/p>","protected":false},"author":1,"featured_media":0,"parent":0,"menu_order":0,"comment_status":"closed","ping_status":"closed","template":"","meta":{"footnotes":""},"class_list":["post-317","page","type-page","status-publish","hentry"],"_links":{"self":[{"href":"https:\/\/goldengrain.com.br\/en\/wp-json\/wp\/v2\/pages\/317","targetHints":{"allow":["GET"]}}],"collection":[{"href":"https:\/\/goldengrain.com.br\/en\/wp-json\/wp\/v2\/pages"}],"about":[{"href":"https:\/\/goldengrain.com.br\/en\/wp-json\/wp\/v2\/types\/page"}],"author":[{"embeddable":true,"href":"https:\/\/goldengrain.com.br\/en\/wp-json\/wp\/v2\/users\/1"}],"replies":[{"embeddable":true,"href":"https:\/\/goldengrain.com.br\/en\/wp-json\/wp\/v2\/comments?post=317"}],"version-history":[{"count":52,"href":"https:\/\/goldengrain.com.br\/en\/wp-json\/wp\/v2\/pages\/317\/revisions"}],"predecessor-version":[{"id":544,"href":"https:\/\/goldengrain.com.br\/en\/wp-json\/wp\/v2\/pages\/317\/revisions\/544"}],"wp:attachment":[{"href":"https:\/\/goldengrain.com.br\/en\/wp-json\/wp\/v2\/media?parent=317"}],"curies":[{"name":"wp","href":"https:\/\/api.w.org\/{rel}","templated":true}]}}